{"id":2,"date":"2025-06-01T14:28:32","date_gmt":"2025-06-01T14:28:32","guid":{"rendered":"http:\/\/www.pohjolanpiha.fi\/?page_id=2"},"modified":"2025-06-02T15:33:39","modified_gmt":"2025-06-02T15:33:39","slug":"sample-page","status":"publish","type":"page","link":"http:\/\/www.pohjolanpiha.fi\/index.php\/sample-page\/","title":{"rendered":"N\u00e4in suunnittelu etenee"},"content":{"rendered":"\n<p>Hienoa, ett\u00e4 puutarhan suunnittelu kiinnostaa! Kerro minulle toiveet ja tarpeet, suunnittelu alkaa aina siit\u00e4. Tarvitsen mahdollisimman hyv\u00e4t pohjatiedot pihasta eli v\u00e4hint\u00e4\u00e4nkin asemapiirrustus. Tulen tutustumaan ymp\u00e4rist\u00f6\u00f6n ja pihaan ja t\u00e4m\u00e4n j\u00e4lkeen suunnittelu voi alkaa. Ennen lopullista suunnitelmaa, k\u00e4ymme suunnittelun l\u00e4ht\u00f6kohdat ja p\u00e4\u00e4suuntaviivat l\u00e4pi yhdess\u00e4. <\/p>\n\n\n\n<p>Nyt edess\u00e4 on viel\u00e4 pihat\u00f6iden toteutuksen kilpailutus tai taimien tilaus ja oma istutusurakka! <\/p>\n\n\n\n<blockquote class=\"wp-block-quote is-layout-flow wp-block-quote-is-layout-flow\">\n<p><\/p>\n<\/blockquote>\n","protected":false},"excerpt":{"rendered":"<p>Hienoa, ett\u00e4 puutarhan suunnittelu kiinnostaa! Kerro minulle toiveet ja tarpeet, suunnittelu alkaa aina siit\u00e4. Tarvitsen mahdollisimman hyv\u00e4t pohjatiedot pihasta eli v\u00e4hint\u00e4\u00e4nkin asemapiirrustus. Tulen tutustumaan ymp\u00e4rist\u00f6\u00f6n ja pihaan ja t\u00e4m\u00e4n j\u00e4lkeen suunnittelu voi alkaa. Ennen lopullista suunnitelmaa, k\u00e4ymme suunnittelun l\u00e4ht\u00f6kohdat ja p\u00e4\u00e4suuntaviivat l\u00e4pi yhdess\u00e4. Nyt edess\u00e4 on viel\u00e4 pihat\u00f6iden toteutuksen kilpailutus tai taimien tilaus ja oma &hellip; <\/p>\n","protected":false},"author":1,"featured_media":0,"parent":0,"menu_order":0,"comment_status":"closed","ping_status":"open","template":"","meta":{"footnotes":""},"class_list":["post-2","page","type-page","status-publish","hentry"],"_links":{"self":[{"href":"http:\/\/www.pohjolanpiha.fi\/index.php\/wp-json\/wp\/v2\/pages\/2","targetHints":{"allow":["GET"]}}],"collection":[{"href":"http:\/\/www.pohjolanpiha.fi\/index.php\/wp-json\/wp\/v2\/pages"}],"about":[{"href":"http:\/\/www.pohjolanpiha.fi\/index.php\/wp-json\/wp\/v2\/types\/page"}],"author":[{"embeddable":true,"href":"http:\/\/www.pohjolanpiha.fi\/index.php\/wp-json\/wp\/v2\/users\/1"}],"replies":[{"embeddable":true,"href":"http:\/\/www.pohjolanpiha.fi\/index.php\/wp-json\/wp\/v2\/comments?post=2"}],"version-history":[{"count":1,"href":"http:\/\/www.pohjolanpiha.fi\/index.php\/wp-json\/wp\/v2\/pages\/2\/revisions"}],"predecessor-version":[{"id":41,"href":"http:\/\/www.pohjolanpiha.fi\/index.php\/wp-json\/wp\/v2\/pages\/2\/revisions\/41"}],"wp:attachment":[{"href":"http:\/\/www.pohjolanpiha.fi\/index.php\/wp-json\/wp\/v2\/media?parent=2"}],"curies":[{"name":"wp","href":"https:\/\/api.w.org\/{rel}","templated":true}]}}